{"id":663,"date":"2025-11-25T11:00:44","date_gmt":"2025-11-25T10:00:44","guid":{"rendered":"https:\/\/runmalmo.se\/home\/"},"modified":"2026-04-24T08:45:15","modified_gmt":"2026-04-24T07:45:15","slug":"home","status":"publish","type":"page","link":"https:\/\/runmalmo.se\/en\/","title":{"rendered":"Home"},"content":{"rendered":"<div class=\"et_pb_section_0 et_pb_section et_section_regular et_flex_section\"><span class=\"et-pb-background-video\"><\/span>\n<div class=\"et_pb_row_0 et_pb_row et_flex_row\">\n<div class=\"et_pb_column_0 et_pb_column et-last-child et_flex_column et_pb_css_mix_blend_mode_passthrough et_flex_column_24_24 et_flex_column_24_24_tablet\">\n<div class=\"et_pb_image_0 et_pb_image et_pb_module et_flex_module\"><span class=\"et_pb_image_wrap\"><img loading=\"lazy\" decoding=\"async\" src=\"https:\/\/runmalmo.se\/wp-content\/uploads\/2025\/11\/Beige-park.png\" width=\"565\" height=\"123\" srcset=\"https:\/\/runmalmo.se\/wp-content\/uploads\/2025\/11\/Beige-park.png 565w, https:\/\/runmalmo.se\/wp-content\/uploads\/2025\/11\/Beige-park-480x104.png 480w\" sizes=\"(min-width: 0px) and (max-width: 480px) 480px, (min-width: 481px) 565px, 100vw\" class=\"wp-image-469\" alt=\"Pulse - City\" \/><\/span><\/div>\n\n<div class=\"et_pb_countdown_timer_0 et_pb_countdown_timer et_pb_bg_layout_dark et_pb_no_bg et_pb_module et_block_module et_flex_column_24_24_phone\" data-end-timestamp=\"1781431200\"><div class=\"et_pb_countdown_timer_container clearfix\"><h4 class=\"title\">Countdown to start<\/h4><div class=\"days section values\" data-short=\"D\" data-full=\"Day(s)\"><p class=\"value\"><\/p><p class=\"label\">Day(s)<\/p><\/div><div class=\"sep section\"><p>:<\/p><\/div><div class=\"hours section values\" data-short=\"Hr\" data-full=\"Hour(s)\"><p class=\"value\"><\/p><p class=\"label\">Hour(s)<\/p><\/div><div class=\"sep section\"><p>:<\/p><\/div><div class=\"minutes section values\" data-short=\"Min\" data-full=\"Minute(s)\"><p class=\"value\"><\/p><p class=\"label\">Minute(s)<\/p><\/div><div class=\"sep section\"><p>:<\/p><\/div><div class=\"seconds section values\" data-short=\"Sec\" data-full=\"Second(s)\"><p class=\"value\"><\/p><p class=\"label\">Second(s)<\/p><\/div><\/div><\/div>\n<\/div>\n<\/div>\n\n<div class=\"et_pb_row_1 et_pb_row et_flex_row\">\n<div class=\"et_pb_column_1 et_pb_column et_flex_column et_pb_css_mix_blend_mode_passthrough et_flex_column_16_24 et_flex_column_16_24_tablet et_flex_column_24_24_phone\">\n<div class=\"et_pb_group_0 et_pb_group et-last-child et_pb_module et_flex_group et_pb_css_mix_blend_mode_passthrough\">\n<div class=\"et_pb_text_0 et_pb_text et_pb_bg_layout_dark et_pb_module et_block_module preset--module--divi-text--default\"><div class=\"et_pb_text_inner\" data-et-mv-hidden-phone=\"true\"><p><strong>Location<\/strong><br \/>Malm\u00f6, Sweden<\/p>\n<\/div><\/div>\n\n<div class=\"et_pb_text_1 et_pb_text et_pb_bg_layout_dark et_pb_module et_block_module preset--module--divi-text--default\"><div class=\"et_pb_text_inner\" data-et-mv-hidden-phone=\"true\"><p><strong>Raceday<\/strong><br \/>June 14, 2026<\/p>\n<\/div><\/div>\n<\/div>\n<\/div>\n\n<div class=\"et_pb_column_2 et_pb_column et-last-child et_flex_column et_pb_css_mix_blend_mode_passthrough et_flex_column_8_24 et_flex_column_8_24_tablet et_flex_column_24_24_phone\">\n<div class=\"et_pb_module et_pb_button_module_wrapper et_pb_button_0_wrapper\"><a class=\"et_pb_button_0 et_pb_button et_pb_bg_layout_dark et_pb_module et_block_module register\" href=\"#\">Register now!<\/a><\/div>\n<\/div>\n<\/div>\n<\/div>\n\n<div class=\"et_pb_section_1 et_pb_section et_section_regular et_flex_section\">\n<div class=\"et_pb_row_2 et_pb_row et_flex_row\">\n<div class=\"et_pb_column_3 et_pb_column et_flex_column et_pb_css_mix_blend_mode_passthrough et_flex_column_24_24 et_flex_column_24_24_tablet et_flex_column_24_24_phone\">\n<div class=\"et_pb_text_2 et_pb_text et_pb_bg_layout_light et_pb_module et_flex_module preset--module--divi-text--default\"><div class=\"et_pb_text_inner\" data-et-mv-hidden-phone=\"true\"><p><span><strong>RUN MALM\u00d6<\/strong> consists of two distances - 21K and 10K with a shared start and finish area. <\/span><\/p>\n<p>&nbsp;<\/p>\n<\/div><\/div>\n\n<div class=\"et_pb_module et_pb_button_module_wrapper et_pb_button_1_wrapper\"><a class=\"et_pb_button_1 et_pb_button et_pb_bg_layout_dark et_pb_module et_block_module\" href=\"https:\/\/registration.mai.se\/Web\/Step1.aspx?EventGroupId=99&#038;CompetitionId=523\" target=\"_blank\">Register for 21K now<\/a><\/div>\n\n<div class=\"et_pb_module et_pb_button_module_wrapper et_pb_button_2_wrapper\"><a class=\"et_pb_button_2 et_pb_button et_pb_bg_layout_dark et_pb_module et_block_module\" href=\"\" target=\"_blank\">Register for 10K now<\/a><\/div>\n\n<div class=\"et_pb_image_1 et_pb_image et_pb_module et_flex_module\"><a href=\"https:\/\/services.epassi.se\/ui\/merchant-search\/site\/321292\" target=\"_blank\"><span class=\"et_pb_image_wrap\"><img loading=\"lazy\" decoding=\"async\" src=\"https:\/\/runmalmo.se\/wp-content\/uploads\/2026\/03\/logo_Epassi-Primary-Orange.png\" width=\"500\" height=\"121\" srcset=\"https:\/\/runmalmo.se\/wp-content\/uploads\/2026\/03\/logo_Epassi-Primary-Orange.png 500w, https:\/\/runmalmo.se\/wp-content\/uploads\/2026\/03\/logo_Epassi-Primary-Orange-480x116.png 480w\" sizes=\"(min-width: 0px) and (max-width: 480px) 480px, (min-width: 481px) 500px, 100vw\" class=\"wp-image-894\" \/><\/span><\/a><\/div>\n\n<div class=\"et_pb_text_3 et_pb_text et_pb_bg_layout_light et_pb_module et_flex_module preset--module--divi-text--default\"><div class=\"et_pb_text_inner\" data-et-mv-hidden-phone=\"true\"><p><span>Pay easily and directly via the search function at <strong><a target=\"_blank\" rel=\"noopener noreferrer\" href=\"https:\/\/services.epassi.se\/ui\/merchant-search\/site\/321292\" class=\"Link-module__link__zW\">www.epassi.se<\/a> <\/strong> <\/span><\/p>\n<\/div><\/div>\n<\/div>\n\n<div class=\"et_pb_column_4 et_pb_column et-last-child et_flex_column et_pb_css_mix_blend_mode_passthrough et_flex_column_24_24 et_flex_column_24_24_tablet et_flex_column_24_24_phone\">\n<div class=\"et_pb_text_4 et_pb_text et_pb_bg_layout_light et_pb_module et_flex_module preset--module--divi-text--default\"><div class=\"et_pb_text_inner\"><h5>Half Marathon in Malm\u00f6<\/h5>\n<h6><\/h6>\n<\/div><\/div>\n\n<div class=\"et_pb_image_2 et_pb_image et_pb_module et_flex_module\"><span class=\"et_pb_image_wrap\"><img loading=\"lazy\" decoding=\"async\" src=\"https:\/\/runmalmo.se\/wp-content\/uploads\/2025\/11\/distanserna.png\" width=\"1080\" height=\"566\" srcset=\"https:\/\/runmalmo.se\/wp-content\/uploads\/2025\/11\/distanserna.png 1080w, https:\/\/runmalmo.se\/wp-content\/uploads\/2025\/11\/distanserna-980x514.png 980w, https:\/\/runmalmo.se\/wp-content\/uploads\/2025\/11\/distanserna-480x252.png 480w\" sizes=\"(min-width: 0px) and (max-width: 480px) 480px, (min-width: 481px) and (max-width: 980px) 980px, (min-width: 981px) 1080px, 100vw\" class=\"wp-image-491\" \/><\/span><\/div>\n<\/div>\n<\/div>\n<\/div>\n\n<div class=\"et_pb_section_2 et_pb_section et_section_regular et_flex_section\" id=\"banan\">\n<div class=\"et_pb_row_3 et_pb_row et_flex_row\">\n<div class=\"et_pb_column_5 et_pb_column et-last-child et_flex_column et_pb_css_mix_blend_mode_passthrough et_flex_column_24_24 et_flex_column_24_24_tablet et_flex_column_24_24_phone\">\n<div class=\"et_pb_text_5 et_pb_text et_pb_bg_layout_dark et_pb_module et_flex_module preset--module--divi-text--sdfewys5jl\"><div class=\"et_pb_text_inner\"><h3>Course<\/h3>\n<p><span>On this 10K course and Half Marathon in Malm\u00f6 you don't just get a flat and fast route \u2013 you get a running experience through four zones with completely different energy. From city vibes and the cheers of the crowd to lush tranquility, rough harbor atmosphere, and the feeling of freedom by the sea. Every step takes you through a new side of Malm\u00f6. <\/span><\/p>\n<p><span>Whether you're chasing a personal best, running for joy, or just want to be part of something bigger \u2013 RUN MALM\u00d6 is for you. We want to get more people moving, spread running joy, and pride in our fantastic city.<br \/><\/span><\/p>\n<p><a href=\"https:\/\/runmalmo.se\/en\/course\/\"><span><strong>Read more about the course here!<\/strong><\/span><\/a><\/p>\n<\/div><\/div>\n<\/div>\n<\/div>\n<\/div>\n\n<div class=\"et_pb_section_3 et_pb_section et_section_regular et_flex_section\">\n<div class=\"et_pb_row_4 et_pb_row et_flex_row\">\n<div class=\"et_pb_column_6 et_pb_column et_flex_column et_pb_css_mix_blend_mode_passthrough et_animated et_flex_column_6_24 et_flex_column_12_24_tablet et_flex_column_12_24_phone preset--module--divi-column--1k1w3h6enj\">\n<div class=\"et_pb_text_6 et_pb_text et_pb_bg_layout_dark et_pb_module et_flex_module preset--module--divi-text--default\"><div class=\"et_pb_text_inner\"><h5>The Port<\/h5>\n<p><span>Industrial charm where the city\u2019s industrial history still feels present.<\/span><\/p>\n<\/div><\/div>\n<\/div>\n\n<div class=\"et_pb_column_7 et_pb_column et_flex_column et_pb_css_mix_blend_mode_passthrough et_animated et_flex_column_6_24 et_flex_column_12_24_tablet et_flex_column_12_24_phone preset--module--divi-column--1k1w3h6enj\">\n<div class=\"et_pb_text_7 et_pb_text et_pb_bg_layout_dark et_pb_module et_flex_module preset--module--divi-text--default\"><div class=\"et_pb_text_inner\"><h5><b><span>The City<\/span><\/b><\/h5>\n<p><span>Urban rhythm and crowd support that helps you all the way to the finish line.<br \/>\n<\/span><span><\/span><\/p>\n<\/div><\/div>\n<\/div>\n\n<div class=\"et_pb_column_8 et_pb_column et_flex_column et_pb_css_mix_blend_mode_passthrough et_animated et_flex_column_6_24 et_flex_column_12_24_tablet et_flex_column_12_24_phone preset--module--divi-column--1k1w3h6enj\">\n<div class=\"et_pb_text_8 et_pb_text et_pb_bg_layout_dark et_pb_module et_flex_module preset--module--divi-text--default\"><div class=\"et_pb_text_inner\"><h5>The Park<\/h5>\n<p><span>Green avenues and lush trails provide a nice contrast and time for recovery in the middle of the race.<\/span><\/p>\n<\/div><\/div>\n<\/div>\n\n<div class=\"et_pb_column_9 et_pb_column et-last-child et_flex_column et_pb_css_mix_blend_mode_passthrough et_animated et_flex_column_6_24 et_flex_column_12_24_tablet et_flex_column_12_24_phone\">\n<div class=\"et_pb_text_9 et_pb_text et_pb_bg_layout_light et_pb_module et_flex_module preset--module--divi-text--default\"><div class=\"et_pb_text_inner\"><h5>The Beach<\/h5>\n<p><span>Fresh sea breeze and beautiful views along the water. Here your steps will be energized. <\/span><\/p>\n<\/div><\/div>\n<\/div>\n<\/div>\n<\/div>\n\n<div class=\"et_pb_section_4 et_pb_section et_section_regular et_flex_section\">\n<div class=\"et_pb_row_5 et_pb_row et_flex_row\">\n<div class=\"et_pb_column_10 et_pb_column et_flex_column et_pb_css_mix_blend_mode_passthrough et_flex_column_2_5 et_flex_column_2_5_tablet et_flex_column_24_24_phone\">\n<div class=\"et_pb_module et_pb_button_module_wrapper et_pb_button_3_wrapper\"><a class=\"et_pb_button_3 et_pb_button et_pb_bg_layout_light et_pb_module et_flex_module\" href=\"https:\/\/registration.mai.se\/Web\/Step1.aspx?EventGroupId=99&#038;CompetitionId=523\">Register for 21K now<\/a><\/div>\n\n<div class=\"et_pb_module et_pb_button_module_wrapper et_pb_button_4_wrapper\"><a class=\"et_pb_button_4 et_pb_button et_pb_bg_layout_light et_pb_module et_flex_module\" href=\"\">Register for 10K now<\/a><\/div>\n<\/div>\n\n<div class=\"et_pb_column_11 et_pb_column et-last-child et_flex_column et_pb_css_mix_blend_mode_passthrough et_flex_column_3_5 et_flex_column_3_5_tablet et_flex_column_24_24_phone\">\n<div class=\"et_pb_text_10 et_pb_text et_pb_bg_layout_light et_pb_module et_flex_module preset--module--divi-text--default\"><div class=\"et_pb_text_inner\"><h4 style=\"text-align: center;\">Sliding scale pricing<\/h4>\n<\/div><\/div>\n\n<div class=\"et_pb_text_11 et_pb_text et_pb_bg_layout_light et_pb_module et_flex_module preset--module--divi-text--default\"><div class=\"et_pb_text_inner\" data-et-mv-hidden-phone=\"true\"><table border=\"0\" style=\"border-collapse: collapse; width: 100%; height: 56px;\">\n<tbody>\n<tr style=\"height: 18px;\">\n<td style=\"width: 33.3333%; height: 18px;\"><\/td>\n<td style=\"width: 33.3333%; height: 18px;\"><strong>21 KM<\/strong><\/td>\n<td style=\"width: 33.3333%; height: 18px;\"><strong>10 KM<\/strong><\/td>\n<\/tr>\n<tr style=\"height: 10px;\">\n<td style=\"width: 33.3333%; height: 10px;\"><em>through 30\/11<\/em><\/td>\n<td style=\"width: 33.3333%; height: 10px;\">650 kr<\/td>\n<td style=\"width: 33.3333%; height: 10px;\">350 kr<\/td>\n<\/tr>\n<tr style=\"height: 10px;\">\n<td style=\"width: 33.3333%; height: 10px;\"><em>through 28\/2<\/em><\/td>\n<td style=\"width: 33.3333%; height: 10px;\">795 kr<\/td>\n<td style=\"width: 33.3333%; height: 10px;\">395 kr<\/td>\n<\/tr>\n<tr style=\"height: 10px;\">\n<td style=\"width: 33.3333%; height: 10px;\"><em>through 31\/5<\/em><\/td>\n<td style=\"width: 33.3333%; height: 10px;\"><span style=\"color: #0ba313;\"><strong>845 kr<\/strong><\/span><\/td>\n<td style=\"width: 33.3333%; height: 10px;\"><span style=\"color: #0ba313;\"><strong>445 kr<\/strong><\/span><\/td>\n<\/tr>\n<tr style=\"height: 0px;\">\n<td style=\"width: 33.3333%; height: 0px;\"><em>through 14\/6<\/em><\/td>\n<td style=\"width: 33.3333%; height: 0px;\">895 kr<\/td>\n<td style=\"width: 33.3333%; height: 0px;\">495 kr<\/td>\n<\/tr>\n<\/tbody>\n<\/table>\n<\/div><\/div>\n<\/div>\n<\/div>\n<\/div>\n\n<div class=\"et_pb_section_5 et_pb_section et_section_regular et_flex_section\">\n<div class=\"et_pb_row_6 et_pb_row et_flex_row\">\n<div class=\"et_pb_column_12 et_pb_column et-last-child et_flex_column et_pb_css_mix_blend_mode_passthrough et_flex_column_24_24 et_flex_column_24_24_tablet et_flex_column_24_24_phone\">\n<div class=\"et_pb_text_12 et_pb_text et_pb_bg_layout_light et_pb_module et_flex_module preset--module--divi-text--default\"><div class=\"et_pb_text_inner\"><div class=\"text-divider\"><span style=\"color: #cccccc;\">  PARTNERS   <\/span><\/div>\n<\/div><\/div>\n<\/div>\n<\/div>\n\n<div class=\"et_pb_row_7 et_pb_row et_flex_row\">\n<div class=\"et_pb_column_13 et_pb_column et_flex_column et_pb_css_mix_blend_mode_passthrough et_flex_column_8_24 et_flex_column_8_24_tablet et_flex_column_24_24_phone\">\n<div class=\"et_pb_image_3 et_pb_image et_pb_module et_flex_module\"><a href=\"https:\/\/umarasports.com\/sv-SE\" target=\"_blank\"><span class=\"et_pb_image_wrap\"><img loading=\"lazy\" decoding=\"async\" src=\"https:\/\/runmalmo.se\/wp-content\/uploads\/2025\/12\/U-Logo-RedBlack-OFFICIAL.png\" alt=\"UMara\" title=\"UMara\" width=\"416\" height=\"445\" srcset=\"https:\/\/runmalmo.se\/wp-content\/uploads\/2025\/12\/U-Logo-RedBlack-OFFICIAL.png 416w, https:\/\/runmalmo.se\/wp-content\/uploads\/2025\/12\/U-Logo-RedBlack-OFFICIAL-280x300.png 280w\" sizes=\"(max-width: 416px) 100vw, 416px\" class=\"wp-image-685\" \/><\/span><\/a><\/div>\n<\/div>\n\n<div class=\"et_pb_column_14 et_pb_column et_flex_column et_pb_css_mix_blend_mode_passthrough et_flex_column_8_24 et_flex_column_8_24_tablet et_flex_column_24_24_phone\">\n<div class=\"et_pb_image_4 et_pb_image et_pb_module et_flex_module\"><a href=\"https:\/\/hyddrinks.se\/produkter\/\" target=\"_blank\"><span class=\"et_pb_image_wrap\"><img loading=\"lazy\" decoding=\"async\" src=\"https:\/\/runmalmo.se\/wp-content\/uploads\/2026\/02\/HYD-Rehydrate_Citron-Lime_logo.png\" width=\"275\" height=\"220\" srcset=\"https:\/\/runmalmo.se\/wp-content\/uploads\/2026\/02\/HYD-Rehydrate_Citron-Lime_logo.png 275w\" sizes=\"(max-width: 275px) 100vw, 275px\" class=\"wp-image-816\" \/><\/span><\/a><\/div>\n<\/div>\n\n<div class=\"et_pb_column_15 et_pb_column et-last-child et_flex_column et_pb_css_mix_blend_mode_passthrough et_flex_column_8_24 et_flex_column_8_24_tablet et_flex_column_24_24_phone\">\n<div class=\"et_pb_image_5 et_pb_image et_pb_module et_flex_module\"><a href=\"https:\/\/www.eriks-biluthyrning.se\/\" target=\"_blank\"><span class=\"et_pb_image_wrap\"><img loading=\"lazy\" decoding=\"async\" src=\"https:\/\/runmalmo.se\/wp-content\/uploads\/2026\/02\/Eriks-Biluthyrning_logo.png\" width=\"225\" height=\"94\" srcset=\"https:\/\/runmalmo.se\/wp-content\/uploads\/2026\/02\/Eriks-Biluthyrning_logo.png 225w\" sizes=\"(max-width: 225px) 100vw, 225px\" class=\"wp-image-790\" \/><\/span><\/a><\/div>\n<\/div>\n<\/div>\n<\/div>","protected":false},"excerpt":{"rendered":"<p>Two distances. One city. Endless running joy \u2728 RUN MALM\u00d6 2026 \u2013 A new half marathon is coming to Malm\u00f6. 21K &amp; 10K! \ud83e\udd41 Let\u2019s RUN MALM\u00d6! <\/p>\n","protected":false},"author":1,"featured_media":0,"parent":0,"menu_order":1,"comment_status":"closed","ping_status":"closed","template":"","meta":{"footnotes":""},"class_list":["post-663","page","type-page","status-publish","hentry"],"yoast_head":"<!-- This site is optimized with the Yoast SEO plugin v27.5 - https:\/\/yoast.com\/product\/yoast-seo-wordpress\/ -->\n<title>RUN MALM\u00d6 2026 | New half marathon and 10K in the heart of Malm\u00f6<\/title>\n<meta name=\"description\" content=\"New race on June 14, 2026! Choose between the Malm\u00f6 Half Marathon (21K) or 10K. One city, two distances, endless running memories. Register today! \u2728\" \/>\n<meta name=\"robots\" content=\"index, follow, max-snippet:-1, max-image-preview:large, max-video-preview:-1\" \/>\n<link rel=\"canonical\" href=\"https:\/\/runmalmo.se\/en\/\" \/>\n<meta property=\"og:locale\" content=\"en_US\" \/>\n<meta property=\"og:type\" content=\"article\" \/>\n<meta property=\"og:title\" content=\"RUN MALM\u00d6 2026 | New half marathon and 10K in the heart of Malm\u00f6\" \/>\n<meta property=\"og:description\" content=\"New race on June 14, 2026! Choose between the Malm\u00f6 Half Marathon (21K) or 10K. One city, two distances, endless running memories. Register today! \u2728\" \/>\n<meta property=\"og:url\" content=\"https:\/\/runmalmo.se\/en\/\" \/>\n<meta property=\"og:site_name\" content=\"Run Malm\u00f6\" \/>\n<meta property=\"article:publisher\" content=\"https:\/\/www.facebook.com\/profile.php?id=61573855211473\" \/>\n<meta property=\"article:modified_time\" content=\"2026-04-24T07:45:15+00:00\" \/>\n<meta name=\"twitter:card\" content=\"summary_large_image\" \/>\n<script type=\"application\/ld+json\" class=\"yoast-schema-graph\">{\"@context\":\"https:\\\/\\\/schema.org\",\"@graph\":[{\"@type\":\"WebPage\",\"@id\":\"https:\\\/\\\/runmalmo.se\\\/en\\\/\",\"url\":\"https:\\\/\\\/runmalmo.se\\\/en\\\/\",\"name\":\"RUN MALM\u00d6 2026 | New half marathon and 10K in the heart of Malm\u00f6\",\"isPartOf\":{\"@id\":\"https:\\\/\\\/runmalmo.se\\\/en\\\/#website\"},\"datePublished\":\"2025-11-25T10:00:44+00:00\",\"dateModified\":\"2026-04-24T07:45:15+00:00\",\"description\":\"New race on June 14, 2026! Choose between the Malm\u00f6 Half Marathon (21K) or 10K. One city, two distances, endless running memories. Register today! \u2728\",\"breadcrumb\":{\"@id\":\"https:\\\/\\\/runmalmo.se\\\/en\\\/#breadcrumb\"},\"inLanguage\":\"en-US\",\"potentialAction\":[{\"@type\":\"ReadAction\",\"target\":[\"https:\\\/\\\/runmalmo.se\\\/en\\\/\"]}]},{\"@type\":\"BreadcrumbList\",\"@id\":\"https:\\\/\\\/runmalmo.se\\\/en\\\/#breadcrumb\",\"itemListElement\":[{\"@type\":\"ListItem\",\"position\":1,\"name\":\"Hem\",\"item\":\"https:\\\/\\\/runmalmo.se\\\/en\\\/\"},{\"@type\":\"ListItem\",\"position\":2,\"name\":\"Home\"}]},{\"@type\":\"WebSite\",\"@id\":\"https:\\\/\\\/runmalmo.se\\\/en\\\/#website\",\"url\":\"https:\\\/\\\/runmalmo.se\\\/en\\\/\",\"name\":\"Run Malm\u00f6\",\"description\":\"Nytt halvmaraton den 14 juni 2026\",\"publisher\":{\"@id\":\"https:\\\/\\\/runmalmo.se\\\/en\\\/#organization\"},\"potentialAction\":[{\"@type\":\"SearchAction\",\"target\":{\"@type\":\"EntryPoint\",\"urlTemplate\":\"https:\\\/\\\/runmalmo.se\\\/en\\\/?s={search_term_string}\"},\"query-input\":{\"@type\":\"PropertyValueSpecification\",\"valueRequired\":true,\"valueName\":\"search_term_string\"}}],\"inLanguage\":\"en-US\"},{\"@type\":\"Organization\",\"@id\":\"https:\\\/\\\/runmalmo.se\\\/en\\\/#organization\",\"name\":\"Run Malm\u00f6\",\"url\":\"https:\\\/\\\/runmalmo.se\\\/en\\\/\",\"logo\":{\"@type\":\"ImageObject\",\"inLanguage\":\"en-US\",\"@id\":\"https:\\\/\\\/runmalmo.se\\\/en\\\/#\\\/schema\\\/logo\\\/image\\\/\",\"url\":\"https:\\\/\\\/runmalmo.se\\\/wp-content\\\/uploads\\\/2025\\\/11\\\/cropped-RUN-Malmo-rod-512.png\",\"contentUrl\":\"https:\\\/\\\/runmalmo.se\\\/wp-content\\\/uploads\\\/2025\\\/11\\\/cropped-RUN-Malmo-rod-512.png\",\"width\":512,\"height\":512,\"caption\":\"Run Malm\u00f6\"},\"image\":{\"@id\":\"https:\\\/\\\/runmalmo.se\\\/en\\\/#\\\/schema\\\/logo\\\/image\\\/\"},\"sameAs\":[\"https:\\\/\\\/www.facebook.com\\\/profile.php?id=61573855211473\",\"https:\\\/\\\/www.instagram.com\\\/runmalmo\\\/\"]}]}<\/script>\n<!-- \/ Yoast SEO plugin. -->","yoast_head_json":{"title":"RUN MALM\u00d6 2026 | New half marathon and 10K in the heart of Malm\u00f6","description":"New race on June 14, 2026! Choose between the Malm\u00f6 Half Marathon (21K) or 10K. One city, two distances, endless running memories. Register today! \u2728","robots":{"index":"index","follow":"follow","max-snippet":"max-snippet:-1","max-image-preview":"max-image-preview:large","max-video-preview":"max-video-preview:-1"},"canonical":"https:\/\/runmalmo.se\/en\/","og_locale":"en_US","og_type":"article","og_title":"RUN MALM\u00d6 2026 | New half marathon and 10K in the heart of Malm\u00f6","og_description":"New race on June 14, 2026! Choose between the Malm\u00f6 Half Marathon (21K) or 10K. One city, two distances, endless running memories. Register today! \u2728","og_url":"https:\/\/runmalmo.se\/en\/","og_site_name":"Run Malm\u00f6","article_publisher":"https:\/\/www.facebook.com\/profile.php?id=61573855211473","article_modified_time":"2026-04-24T07:45:15+00:00","twitter_card":"summary_large_image","schema":{"@context":"https:\/\/schema.org","@graph":[{"@type":"WebPage","@id":"https:\/\/runmalmo.se\/en\/","url":"https:\/\/runmalmo.se\/en\/","name":"RUN MALM\u00d6 2026 | New half marathon and 10K in the heart of Malm\u00f6","isPartOf":{"@id":"https:\/\/runmalmo.se\/en\/#website"},"datePublished":"2025-11-25T10:00:44+00:00","dateModified":"2026-04-24T07:45:15+00:00","description":"New race on June 14, 2026! Choose between the Malm\u00f6 Half Marathon (21K) or 10K. One city, two distances, endless running memories. Register today! \u2728","breadcrumb":{"@id":"https:\/\/runmalmo.se\/en\/#breadcrumb"},"inLanguage":"en-US","potentialAction":[{"@type":"ReadAction","target":["https:\/\/runmalmo.se\/en\/"]}]},{"@type":"BreadcrumbList","@id":"https:\/\/runmalmo.se\/en\/#breadcrumb","itemListElement":[{"@type":"ListItem","position":1,"name":"Hem","item":"https:\/\/runmalmo.se\/en\/"},{"@type":"ListItem","position":2,"name":"Home"}]},{"@type":"WebSite","@id":"https:\/\/runmalmo.se\/en\/#website","url":"https:\/\/runmalmo.se\/en\/","name":"Run Malm\u00f6","description":"Nytt halvmaraton den 14 juni 2026","publisher":{"@id":"https:\/\/runmalmo.se\/en\/#organization"},"potentialAction":[{"@type":"SearchAction","target":{"@type":"EntryPoint","urlTemplate":"https:\/\/runmalmo.se\/en\/?s={search_term_string}"},"query-input":{"@type":"PropertyValueSpecification","valueRequired":true,"valueName":"search_term_string"}}],"inLanguage":"en-US"},{"@type":"Organization","@id":"https:\/\/runmalmo.se\/en\/#organization","name":"Run Malm\u00f6","url":"https:\/\/runmalmo.se\/en\/","logo":{"@type":"ImageObject","inLanguage":"en-US","@id":"https:\/\/runmalmo.se\/en\/#\/schema\/logo\/image\/","url":"https:\/\/runmalmo.se\/wp-content\/uploads\/2025\/11\/cropped-RUN-Malmo-rod-512.png","contentUrl":"https:\/\/runmalmo.se\/wp-content\/uploads\/2025\/11\/cropped-RUN-Malmo-rod-512.png","width":512,"height":512,"caption":"Run Malm\u00f6"},"image":{"@id":"https:\/\/runmalmo.se\/en\/#\/schema\/logo\/image\/"},"sameAs":["https:\/\/www.facebook.com\/profile.php?id=61573855211473","https:\/\/www.instagram.com\/runmalmo\/"]}]}},"_links":{"self":[{"href":"https:\/\/runmalmo.se\/en\/wp-json\/wp\/v2\/pages\/663","targetHints":{"allow":["GET"]}}],"collection":[{"href":"https:\/\/runmalmo.se\/en\/wp-json\/wp\/v2\/pages"}],"about":[{"href":"https:\/\/runmalmo.se\/en\/wp-json\/wp\/v2\/types\/page"}],"author":[{"embeddable":true,"href":"https:\/\/runmalmo.se\/en\/wp-json\/wp\/v2\/users\/1"}],"replies":[{"embeddable":true,"href":"https:\/\/runmalmo.se\/en\/wp-json\/wp\/v2\/comments?post=663"}],"version-history":[{"count":46,"href":"https:\/\/runmalmo.se\/en\/wp-json\/wp\/v2\/pages\/663\/revisions"}],"predecessor-version":[{"id":985,"href":"https:\/\/runmalmo.se\/en\/wp-json\/wp\/v2\/pages\/663\/revisions\/985"}],"wp:attachment":[{"href":"https:\/\/runmalmo.se\/en\/wp-json\/wp\/v2\/media?parent=663"}],"curies":[{"name":"wp","href":"https:\/\/api.w.org\/{rel}","templated":true}]}}